{"id":171,"date":"2024-04-17T16:09:11","date_gmt":"2024-04-17T16:09:11","guid":{"rendered":"https:\/\/magicprint.com.co\/sublimacion\/?post_type=product&#038;p=171"},"modified":"2024-04-17T16:09:25","modified_gmt":"2024-04-17T16:09:25","slug":"flores-blancas-y-siluetas-negras-fondo-voileta-oscuro","status":"publish","type":"product","link":"https:\/\/magicprint.com.co\/sublimacion\/producto\/flores-blancas-y-siluetas-negras-fondo-voileta-oscuro\/","title":{"rendered":"Flores blancas y siluetas negras, fondo voileta oscuro"},"content":{"rendered":"<p>Nuestra colecci\u00f3n de flores sublimadas, donde la naturaleza cobra vida en telas llenas de color y encanto! Nuestro dise\u00f1o de flores es una oda a la belleza ef\u00edmera de la flora, capturada en una paleta de colores v\u00edvidos que te har\u00e1n sentir como si estuvieras paseando por un jard\u00edn en plena primavera.<\/p>\n<p>Las flores, con sus delicados p\u00e9talos y vibrantes tonalidades, se convierten en el foco de atenci\u00f3n en este dise\u00f1o. Cada flor parece estar en pleno florecimiento, y los detalles meticulosamente sublimados capturan la textura y los matices que hacen que la naturaleza sea tan sorprendente.<\/p>\n<p>Con esta tela de sublimaci\u00f3n, puedes crear prendas y productos \u00fanicos y llenos de encanto. Desde blusas que irradien frescura y elegancia hasta cojines que transformen tu espacio en un rinc\u00f3n lleno de vitalidad, las posibilidades son infinitas. La sublimaci\u00f3n garantiza que los colores permanezcan intensos, sin importar cu\u00e1ntas veces se laven o cu\u00e1nto tiempo pase.<\/p>\n<p>La versatilidad de este dise\u00f1o hace que se adapte a cualquier estilo: desde lo cl\u00e1sico hasta lo contempor\u00e1neo. Su belleza atemporal garantiza que sea una elecci\u00f3n perfecta para tus proyectos de moda, decoraci\u00f3n o cualquier otro tipo de creaci\u00f3n que busques realzar con el poder de las flores.<\/p>\n<p>Deja que la naturaleza sea parte de tu vida con nuestro dise\u00f1o de flores sublimadas. \u00a1Haz que tus creaciones brillen con la frescura y la magia de las flores!<\/p>\n","protected":false},"excerpt":{"rendered":"<p>Las flores, con sus delicados p\u00e9talos y vibrantes tonalidades, se convierten en el foco de atenci\u00f3n en este dise\u00f1o. Cada flor parece estar en pleno florecimiento, y los detalles meticulosamente sublimados capturan la textura y los matices que hacen que la naturaleza sea tan sorprendente.<\/p>\n","protected":false},"featured_media":212,"comment_status":"open","ping_status":"closed","template":"","meta":[],"product_cat":[23],"product_tag":[28,26,27],"class_list":{"0":"post-171","1":"product","2":"type-product","3":"status-publish","4":"has-post-thumbnail","6":"product_cat-flores","7":"product_tag-flores","8":"product_tag-fondo-claro","9":"product_tag-pasteles","11":"first","12":"instock","13":"shipping-taxable","14":"purchasable","15":"product-type-simple"},"_links":{"self":[{"href":"https:\/\/magicprint.com.co\/sublimacion\/wp-json\/wp\/v2\/product\/171","targetHints":{"allow":["GET"]}}],"collection":[{"href":"https:\/\/magicprint.com.co\/sublimacion\/wp-json\/wp\/v2\/product"}],"about":[{"href":"https:\/\/magicprint.com.co\/sublimacion\/wp-json\/wp\/v2\/types\/product"}],"replies":[{"embeddable":true,"href":"https:\/\/magicprint.com.co\/sublimacion\/wp-json\/wp\/v2\/comments?post=171"}],"version-history":[{"count":1,"href":"https:\/\/magicprint.com.co\/sublimacion\/wp-json\/wp\/v2\/product\/171\/revisions"}],"predecessor-version":[{"id":213,"href":"https:\/\/magicprint.com.co\/sublimacion\/wp-json\/wp\/v2\/product\/171\/revisions\/213"}],"wp:featuredmedia":[{"embeddable":true,"href":"https:\/\/magicprint.com.co\/sublimacion\/wp-json\/wp\/v2\/media\/212"}],"wp:attachment":[{"href":"https:\/\/magicprint.com.co\/sublimacion\/wp-json\/wp\/v2\/media?parent=171"}],"wp:term":[{"taxonomy":"product_cat","embeddable":true,"href":"https:\/\/magicprint.com.co\/sublimacion\/wp-json\/wp\/v2\/product_cat?post=171"},{"taxonomy":"product_tag","embeddable":true,"href":"https:\/\/magicprint.com.co\/sublimacion\/wp-json\/wp\/v2\/product_tag?post=171"}],"curies":[{"name":"wp","href":"https:\/\/api.w.org\/{rel}","templated":true}]}}