{"id":1438,"date":"2024-04-17T16:15:40","date_gmt":"2024-04-17T16:15:40","guid":{"rendered":"https:\/\/magicprint.com.co\/sublimacion\/?post_type=product&#038;p=1438"},"modified":"2024-04-17T16:15:55","modified_gmt":"2024-04-17T16:15:55","slug":"animal-print-de-cebra-blanco-y-negro","status":"publish","type":"product","link":"https:\/\/magicprint.com.co\/sublimacion\/producto\/animal-print-de-cebra-blanco-y-negro\/","title":{"rendered":"Animal Print de Cebra blanco y negro"},"content":{"rendered":"<p>Los dise\u00f1os Animalprint son una maravillosa fusi\u00f3n de la belleza de la naturaleza y la fascinante diversidad de la fauna. Estos estampados ofrecen una oportunidad \u00fanica para agregar un toque de estilo distintivo a tus proyectos de sublimaci\u00f3n. Desde patrones inspirados en exuberantes flores tropicales hasta la majestuosidad de los animales salvajes, cada dise\u00f1o Animalprint cuenta una historia cautivadora.<\/p>\n<p>Al utilizar dise\u00f1os Animalprint en tus productos sublimados, est\u00e1s incorporando elementos visuales que no solo son est\u00e9ticamente atractivos, sino que tambi\u00e9n evocan emociones y conexiones con la naturaleza. Ya sea que est\u00e9s creando prendas de vestir, accesorios para el hogar o art\u00edculos promocionales, estos estampados agregan un nivel de sofisticaci\u00f3n y originalidad que har\u00e1 que tus productos destaquen en el mercado.<\/p>\n<p>Adem\u00e1s, los dise\u00f1os Animalprint ofrecen una versatilidad incre\u00edble. Pueden adaptarse a una amplia gama de productos y materiales, desde camisetas y sudaderas hasta tazas y cojines. Esto te brinda la libertad de explorar y experimentar con diferentes aplicaciones, ampliando as\u00ed tus oportunidades creativas y comerciales.<\/p>\n<p>En resumen, al optar por los dise\u00f1os Animalprint en tus proyectos de sublimaci\u00f3n, est\u00e1s eligiendo elevar tus creaciones a un nivel superior. No solo estar\u00e1s ofreciendo productos visualmente impresionantes, sino que tambi\u00e9n estar\u00e1s compartiendo con tus clientes la belleza y la emoci\u00f3n que solo la naturaleza puede brindar.<\/p>\n","protected":false},"excerpt":{"rendered":"<p>Combina lo mejor de la naturaleza y la fauna en tus proyectos de sublimaci\u00f3n. A\u00f1ade un toque de elegancia y originalidad a tus prendas y productos con estampados \u00fanicos que destacan entre la multitud.<\/p>\n","protected":false},"featured_media":1493,"comment_status":"closed","ping_status":"closed","template":"","meta":[],"product_cat":[41,22],"product_tag":[],"class_list":{"0":"post-1438","1":"product","2":"type-product","3":"status-publish","4":"has-post-thumbnail","6":"product_cat-animal-print","7":"product_cat-disenos-textiles","9":"first","10":"instock","11":"downloadable","12":"sold-individually","13":"shipping-taxable","14":"purchasable","15":"product-type-simple"},"_links":{"self":[{"href":"https:\/\/magicprint.com.co\/sublimacion\/wp-json\/wp\/v2\/product\/1438","targetHints":{"allow":["GET"]}}],"collection":[{"href":"https:\/\/magicprint.com.co\/sublimacion\/wp-json\/wp\/v2\/product"}],"about":[{"href":"https:\/\/magicprint.com.co\/sublimacion\/wp-json\/wp\/v2\/types\/product"}],"replies":[{"embeddable":true,"href":"https:\/\/magicprint.com.co\/sublimacion\/wp-json\/wp\/v2\/comments?post=1438"}],"version-history":[{"count":1,"href":"https:\/\/magicprint.com.co\/sublimacion\/wp-json\/wp\/v2\/product\/1438\/revisions"}],"predecessor-version":[{"id":1494,"href":"https:\/\/magicprint.com.co\/sublimacion\/wp-json\/wp\/v2\/product\/1438\/revisions\/1494"}],"wp:featuredmedia":[{"embeddable":true,"href":"https:\/\/magicprint.com.co\/sublimacion\/wp-json\/wp\/v2\/media\/1493"}],"wp:attachment":[{"href":"https:\/\/magicprint.com.co\/sublimacion\/wp-json\/wp\/v2\/media?parent=1438"}],"wp:term":[{"taxonomy":"product_cat","embeddable":true,"href":"https:\/\/magicprint.com.co\/sublimacion\/wp-json\/wp\/v2\/product_cat?post=1438"},{"taxonomy":"product_tag","embeddable":true,"href":"https:\/\/magicprint.com.co\/sublimacion\/wp-json\/wp\/v2\/product_tag?post=1438"}],"curies":[{"name":"wp","href":"https:\/\/api.w.org\/{rel}","templated":true}]}}