{"id":1363,"date":"2024-04-17T16:15:15","date_gmt":"2024-04-17T16:15:15","guid":{"rendered":"https:\/\/magicprint.com.co\/sublimacion\/?post_type=product&#038;p=1363"},"modified":"2024-04-26T20:37:27","modified_gmt":"2024-04-26T20:37:27","slug":"servicio-de-sublimacion-por-metro","status":"publish","type":"product","link":"https:\/\/magicprint.com.co\/sublimacion\/producto\/servicio-de-sublimacion-por-metro\/","title":{"rendered":"Servicio de Sublimaci\u00f3n por metro"},"content":{"rendered":"<p>\u00a1Descubre la magia de la sublimaci\u00f3n con nosotros! En Magic Print, te ofrecemos un servicio de sublimaci\u00f3n textil de alta calidad que transformar\u00e1 tus dise\u00f1os en piezas \u00fanicas y vibrantes. Con tecnolog\u00eda de vanguardia y un equipo de expertos en sublimaci\u00f3n, garantizamos resultados excepcionales que superar\u00e1n tus expectativas.<\/p>\n<p>Nuestro proceso de sublimaci\u00f3n utiliza tintas especiales que se convierten en gas al aplicar calor, penetrando profundamente en las fibras de la tela y creando colores intensos y duraderos. Ya sea para camisetas, ropa deportiva, accesorios o art\u00edculos promocionales, la sublimaci\u00f3n es la elecci\u00f3n perfecta para obtener impresiones de alta resoluci\u00f3n y calidad fotogr\u00e1fica.<\/p>\n<p>En Magic Print, nos enorgullecemos de ofrecer un servicio completo que abarca desde el dise\u00f1o hasta el producto final. Trabajamos con una amplia gama de telas y productos para satisfacer todas tus necesidades de sublimaci\u00f3n. \u00a1Haz que tus ideas cobren vida con nuestra sublimaci\u00f3n de alta calidad!<\/p>\n","protected":false},"excerpt":{"rendered":"<p><strong>Paso 1:<\/strong> Especificaci\u00f3n de la cantidad de metros, el usuario encuentra un campo o una opci\u00f3n (Metros a sublimar) para especificar la cantidad de metros que desea sublimar.<\/p>\n<p><strong>Paso 2:<\/strong> Validaci\u00f3n del precio Una vez que el usuario ha especificado la cantidad de metros, el sistema valida autom\u00e1ticamente el precio total seg\u00fan la cantidad seleccionada en el contador de unidades (+ -).<\/p>\n<p><strong>Paso 3<\/strong>: Visualizaci\u00f3n del precio actualizado el usuario puede ver el precio actualizado basado en la cantidad de metros que ha seleccionado y digitado en el campo de unidades.<\/p>\n<p>El precio total se muestra claramente en la p\u00e1gina del producto para que el usuario pueda revisarlo antes de continuar.<\/p>\n","protected":false},"featured_media":1458,"comment_status":"closed","ping_status":"closed","template":"","meta":[],"product_cat":[15],"product_tag":[],"class_list":{"0":"post-1363","1":"product","2":"type-product","3":"status-publish","4":"has-post-thumbnail","6":"product_cat-sin-categorizar","8":"first","9":"instock","10":"shipping-taxable","11":"purchasable","12":"product-type-variable"},"_links":{"self":[{"href":"https:\/\/magicprint.com.co\/sublimacion\/wp-json\/wp\/v2\/product\/1363","targetHints":{"allow":["GET"]}}],"collection":[{"href":"https:\/\/magicprint.com.co\/sublimacion\/wp-json\/wp\/v2\/product"}],"about":[{"href":"https:\/\/magicprint.com.co\/sublimacion\/wp-json\/wp\/v2\/types\/product"}],"replies":[{"embeddable":true,"href":"https:\/\/magicprint.com.co\/sublimacion\/wp-json\/wp\/v2\/comments?post=1363"}],"version-history":[{"count":6,"href":"https:\/\/magicprint.com.co\/sublimacion\/wp-json\/wp\/v2\/product\/1363\/revisions"}],"predecessor-version":[{"id":1624,"href":"https:\/\/magicprint.com.co\/sublimacion\/wp-json\/wp\/v2\/product\/1363\/revisions\/1624"}],"wp:featuredmedia":[{"embeddable":true,"href":"https:\/\/magicprint.com.co\/sublimacion\/wp-json\/wp\/v2\/media\/1458"}],"wp:attachment":[{"href":"https:\/\/magicprint.com.co\/sublimacion\/wp-json\/wp\/v2\/media?parent=1363"}],"wp:term":[{"taxonomy":"product_cat","embeddable":true,"href":"https:\/\/magicprint.com.co\/sublimacion\/wp-json\/wp\/v2\/product_cat?post=1363"},{"taxonomy":"product_tag","embeddable":true,"href":"https:\/\/magicprint.com.co\/sublimacion\/wp-json\/wp\/v2\/product_tag?post=1363"}],"curies":[{"name":"wp","href":"https:\/\/api.w.org\/{rel}","templated":true}]}}