{"id":269,"date":"2024-05-23T13:59:24","date_gmt":"2024-05-23T13:59:24","guid":{"rendered":"https:\/\/magicprint.com.co\/bellatela\/?page_id=269"},"modified":"2024-05-23T16:11:29","modified_gmt":"2024-05-23T16:11:29","slug":"nuestra-empresa","status":"publish","type":"page","link":"https:\/\/magicprint.com.co\/bellatela\/nuestra-empresa\/","title":{"rendered":"Nuestra empresa"},"content":{"rendered":"\t\t<div data-elementor-type=\"wp-page\" data-elementor-id=\"269\" class=\"elementor elementor-269\">\n\t\t\t\t\t\t\t<div class=\"elementor-element elementor-element-ebeb424 e-flex e-con-boxed e-con e-parent\" data-id=\"ebeb424\" data-element_type=\"container\" data-settings=\"{&quot;content_width&quot;:&quot;boxed&quot;}\" data-core-v316-plus=\"true\">\n\t\t\t\t\t<div class=\"e-con-inner\">\n\t\t<div class=\"elementor-element elementor-element-707402b e-flex e-con-boxed e-con e-child\" data-id=\"707402b\" data-element_type=\"container\" data-settings=\"{&quot;content_width&quot;:&quot;boxed&quot;}\">\n\t\t\t\t\t<div class=\"e-con-inner\">\n\t\t\t\t<div class=\"elementor-element elementor-element-f580db2 elementor-widget elementor-widget-image\" data-id=\"f580db2\" data-element_type=\"widget\" data-widget_type=\"image.default\">\n\t\t\t\t<div class=\"elementor-widget-container\">\n\t\t\t<style>\/*! elementor - v3.18.0 - 20-12-2023 *\/\n.elementor-widget-image{text-align:center}.elementor-widget-image a{display:inline-block}.elementor-widget-image a img[src$=\".svg\"]{width:48px}.elementor-widget-image img{vertical-align:middle;display:inline-block}<\/style>\t\t\t\t\t\t\t\t\t\t\t\t<img fetchpriority=\"high\" decoding=\"async\" width=\"800\" height=\"500\" src=\"https:\/\/magicprint.com.co\/bellatela\/wp-content\/uploads\/2024\/05\/Don-Yamil.jpg\" class=\"attachment-large size-large wp-image-67\" alt=\"\" srcset=\"https:\/\/magicprint.com.co\/bellatela\/wp-content\/uploads\/2024\/05\/Don-Yamil.jpg 800w, https:\/\/magicprint.com.co\/bellatela\/wp-content\/uploads\/2024\/05\/Don-Yamil-300x188.jpg 300w, https:\/\/magicprint.com.co\/bellatela\/wp-content\/uploads\/2024\/05\/Don-Yamil-768x480.jpg 768w, https:\/\/magicprint.com.co\/bellatela\/wp-content\/uploads\/2024\/05\/Don-Yamil-368x230.jpg 368w, https:\/\/magicprint.com.co\/bellatela\/wp-content\/uploads\/2024\/05\/Don-Yamil-450x281.jpg 450w, https:\/\/magicprint.com.co\/bellatela\/wp-content\/uploads\/2024\/05\/Don-Yamil-595x372.jpg 595w\" sizes=\"(max-width: 800px) 100vw, 800px\" \/>\t\t\t\t\t\t\t\t\t\t\t\t\t\t\t<\/div>\n\t\t\t\t<\/div>\n\t\t\t\t\t<\/div>\n\t\t\t\t<\/div>\n\t\t<div class=\"elementor-element elementor-element-7bbd99c e-con-full e-flex e-con e-child\" data-id=\"7bbd99c\" data-element_type=\"container\" data-settings=\"{&quot;content_width&quot;:&quot;full&quot;}\">\n\t\t\t\t<div class=\"elementor-element elementor-element-8f9e7e3 elementor-widget elementor-widget-image\" data-id=\"8f9e7e3\" data-element_type=\"widget\" data-widget_type=\"image.default\">\n\t\t\t\t<div class=\"elementor-widget-container\">\n\t\t\t\t\t\t\t\t\t\t\t\t\t\t\t<img decoding=\"async\" width=\"100\" height=\"100\" src=\"https:\/\/magicprint.com.co\/bellatela\/wp-content\/uploads\/2024\/05\/ICONO-TELA-QUIENES-SOMOS-150-X150-100x100-1.png\" class=\"attachment-full size-full wp-image-75\" alt=\"\" \/>\t\t\t\t\t\t\t\t\t\t\t\t\t\t\t<\/div>\n\t\t\t\t<\/div>\n\t\t\t\t<div class=\"elementor-element elementor-element-4371ec1 elementor-widget elementor-widget-heading\" data-id=\"4371ec1\" data-element_type=\"widget\" data-widget_type=\"heading.default\">\n\t\t\t\t<div class=\"elementor-widget-container\">\n\t\t\t<style>\/*! elementor - v3.18.0 - 20-12-2023 *\/\n.elementor-heading-title{padding:0;margin:0;line-height:1}.elementor-widget-heading .elementor-heading-title[class*=elementor-size-]>a{color:inherit;font-size:inherit;line-height:inherit}.elementor-widget-heading .elementor-heading-title.elementor-size-small{font-size:15px}.elementor-widget-heading .elementor-heading-title.elementor-size-medium{font-size:19px}.elementor-widget-heading .elementor-heading-title.elementor-size-large{font-size:29px}.elementor-widget-heading .elementor-heading-title.elementor-size-xl{font-size:39px}.elementor-widget-heading .elementor-heading-title.elementor-size-xxl{font-size:59px}<\/style><h2 class=\"elementor-heading-title elementor-size-default\">Bellatela: M\u00e1s de 30 a\u00f1os de tradici\u00f3n y moda<\/h2>\t\t<\/div>\n\t\t\t\t<\/div>\n\t\t\t\t<div class=\"elementor-element elementor-element-29e5017 elementor-widget elementor-widget-text-editor\" data-id=\"29e5017\" data-element_type=\"widget\" data-widget_type=\"text-editor.default\">\n\t\t\t\t<div class=\"elementor-widget-container\">\n\t\t\t<style>\/*! elementor - v3.18.0 - 20-12-2023 *\/\n.elementor-widget-text-editor.elementor-drop-cap-view-stacked .elementor-drop-cap{background-color:#69727d;color:#fff}.elementor-widget-text-editor.elementor-drop-cap-view-framed .elementor-drop-cap{color:#69727d;border:3px solid;background-color:transparent}.elementor-widget-text-editor:not(.elementor-drop-cap-view-default) .elementor-drop-cap{margin-top:8px}.elementor-widget-text-editor:not(.elementor-drop-cap-view-default) .elementor-drop-cap-letter{width:1em;height:1em}.elementor-widget-text-editor .elementor-drop-cap{float:left;text-align:center;line-height:1;font-size:50px}.elementor-widget-text-editor .elementor-drop-cap-letter{display:inline-block}<\/style>\t\t\t\t<p>Somos una compa\u00f1\u00eda l\u00edder en la industria de textiles para moda y vestuario en confecci\u00f3n femenina, masculina, infantil, dotaci\u00f3n industrial, cortiner\u00eda y una extensa l\u00ednea de lencer\u00eda para el hogar y telas para\u00a0 tapicer\u00eda.<\/p>\t\t\t\t\t\t<\/div>\n\t\t\t\t<\/div>\n\t\t\t\t<\/div>\n\t\t\t\t\t<\/div>\n\t\t\t\t<\/div>\n\t\t<div class=\"elementor-element elementor-element-5fa8d84 e-con-full e-flex e-con e-parent\" data-id=\"5fa8d84\" data-element_type=\"container\" data-settings=\"{&quot;content_width&quot;:&quot;full&quot;,&quot;background_background&quot;:&quot;classic&quot;}\" data-core-v316-plus=\"true\">\n\t\t<div class=\"elementor-element elementor-element-ab422da e-flex e-con-boxed e-con e-child\" data-id=\"ab422da\" data-element_type=\"container\" data-settings=\"{&quot;content_width&quot;:&quot;boxed&quot;}\">\n\t\t\t\t\t<div class=\"e-con-inner\">\n\t\t\t\t<div class=\"elementor-element elementor-element-2b9ddf2 elementor-widget elementor-widget-spacer\" data-id=\"2b9ddf2\" data-element_type=\"widget\" data-widget_type=\"spacer.default\">\n\t\t\t\t<div class=\"elementor-widget-container\">\n\t\t\t<style>\/*! elementor - v3.18.0 - 20-12-2023 *\/\n.elementor-column .elementor-spacer-inner{height:var(--spacer-size)}.e-con{--container-widget-width:100%}.e-con-inner>.elementor-widget-spacer,.e-con>.elementor-widget-spacer{width:var(--container-widget-width,var(--spacer-size));--align-self:var(--container-widget-align-self,initial);--flex-shrink:0}.e-con-inner>.elementor-widget-spacer>.elementor-widget-container,.e-con>.elementor-widget-spacer>.elementor-widget-container{height:100%;width:100%}.e-con-inner>.elementor-widget-spacer>.elementor-widget-container>.elementor-spacer,.e-con>.elementor-widget-spacer>.elementor-widget-container>.elementor-spacer{height:100%}.e-con-inner>.elementor-widget-spacer>.elementor-widget-container>.elementor-spacer>.elementor-spacer-inner,.e-con>.elementor-widget-spacer>.elementor-widget-container>.elementor-spacer>.elementor-spacer-inner{height:var(--container-widget-height,var(--spacer-size))}.e-con-inner>.elementor-widget-spacer.elementor-widget-empty,.e-con>.elementor-widget-spacer.elementor-widget-empty{position:relative;min-height:22px;min-width:22px}.e-con-inner>.elementor-widget-spacer.elementor-widget-empty .elementor-widget-empty-icon,.e-con>.elementor-widget-spacer.elementor-widget-empty .elementor-widget-empty-icon{position:absolute;top:0;bottom:0;left:0;right:0;margin:auto;padding:0;width:22px;height:22px}<\/style>\t\t<div class=\"elementor-spacer\">\n\t\t\t<div class=\"elementor-spacer-inner\"><\/div>\n\t\t<\/div>\n\t\t\t\t<\/div>\n\t\t\t\t<\/div>\n\t\t\t\t<div class=\"elementor-element elementor-element-9a5797f elementor-widget elementor-widget-heading\" data-id=\"9a5797f\" data-element_type=\"widget\" data-widget_type=\"heading.default\">\n\t\t\t\t<div class=\"elementor-widget-container\">\n\t\t\t<h2 class=\"elementor-heading-title elementor-size-default\">Los valores que influyen en nuestros resultados<\/h2>\t\t<\/div>\n\t\t\t\t<\/div>\n\t\t<div class=\"elementor-element elementor-element-13f2fdf e-flex e-con-boxed e-con e-child\" data-id=\"13f2fdf\" data-element_type=\"container\" data-settings=\"{&quot;content_width&quot;:&quot;boxed&quot;}\">\n\t\t\t\t\t<div class=\"e-con-inner\">\n\t\t\t\t<div class=\"elementor-element elementor-element-4aeb077 elementor-position-top elementor-widget elementor-widget-image-box\" data-id=\"4aeb077\" data-element_type=\"widget\" data-widget_type=\"image-box.default\">\n\t\t\t\t<div class=\"elementor-widget-container\">\n\t\t\t<style>\/*! elementor - v3.18.0 - 20-12-2023 *\/\n.elementor-widget-image-box .elementor-image-box-content{width:100%}@media (min-width:768px){.elementor-widget-image-box.elementor-position-left .elementor-image-box-wrapper,.elementor-widget-image-box.elementor-position-right .elementor-image-box-wrapper{display:flex}.elementor-widget-image-box.elementor-position-right .elementor-image-box-wrapper{text-align:right;flex-direction:row-reverse}.elementor-widget-image-box.elementor-position-left .elementor-image-box-wrapper{text-align:left;flex-direction:row}.elementor-widget-image-box.elementor-position-top .elementor-image-box-img{margin:auto}.elementor-widget-image-box.elementor-vertical-align-top .elementor-image-box-wrapper{align-items:flex-start}.elementor-widget-image-box.elementor-vertical-align-middle .elementor-image-box-wrapper{align-items:center}.elementor-widget-image-box.elementor-vertical-align-bottom .elementor-image-box-wrapper{align-items:flex-end}}@media (max-width:767px){.elementor-widget-image-box .elementor-image-box-img{margin-left:auto!important;margin-right:auto!important;margin-bottom:15px}}.elementor-widget-image-box .elementor-image-box-img{display:inline-block}.elementor-widget-image-box .elementor-image-box-title a{color:inherit}.elementor-widget-image-box .elementor-image-box-wrapper{text-align:center}.elementor-widget-image-box .elementor-image-box-description{margin:0}<\/style><div class=\"elementor-image-box-wrapper\"><figure class=\"elementor-image-box-img\"><img decoding=\"async\" width=\"150\" height=\"150\" src=\"https:\/\/magicprint.com.co\/bellatela\/wp-content\/uploads\/2024\/05\/ICONO-HONESTIDAD-QUIENES-SOMOS-150-X150.png\" class=\"attachment-full size-full wp-image-74\" alt=\"\" \/><\/figure><div class=\"elementor-image-box-content\"><h3 class=\"elementor-image-box-title\">Honestidad<\/h3><p class=\"elementor-image-box-description\">Ofrecemos una conducta confiable y transparente en donde priman la confianza y la sinceridad.<\/p><\/div><\/div>\t\t<\/div>\n\t\t\t\t<\/div>\n\t\t\t\t<div class=\"elementor-element elementor-element-784cc34 elementor-position-top elementor-widget elementor-widget-image-box\" data-id=\"784cc34\" data-element_type=\"widget\" data-widget_type=\"image-box.default\">\n\t\t\t\t<div class=\"elementor-widget-container\">\n\t\t\t<div class=\"elementor-image-box-wrapper\"><figure class=\"elementor-image-box-img\"><img loading=\"lazy\" decoding=\"async\" width=\"150\" height=\"150\" src=\"https:\/\/magicprint.com.co\/bellatela\/wp-content\/uploads\/2024\/05\/ICONO-RESPONSABILIDAD-QUIENES-SOMOS-150-X150.png\" class=\"attachment-full size-full wp-image-73\" alt=\"\" \/><\/figure><div class=\"elementor-image-box-content\"><h3 class=\"elementor-image-box-title\">Responsabilidad<\/h3><p class=\"elementor-image-box-description\">Cumplimos con los compromisos y expectativas con respecto a las necesidades de nuestros clientes y socios.<\/p><\/div><\/div>\t\t<\/div>\n\t\t\t\t<\/div>\n\t\t\t\t<div class=\"elementor-element elementor-element-5747026 elementor-position-top elementor-widget elementor-widget-image-box\" data-id=\"5747026\" data-element_type=\"widget\" data-widget_type=\"image-box.default\">\n\t\t\t\t<div class=\"elementor-widget-container\">\n\t\t\t<div class=\"elementor-image-box-wrapper\"><figure class=\"elementor-image-box-img\"><img loading=\"lazy\" decoding=\"async\" width=\"150\" height=\"150\" src=\"https:\/\/magicprint.com.co\/bellatela\/wp-content\/uploads\/2024\/05\/ICONO-CONFIANZA-QUIENES-SOMOS-150-X150.png\" class=\"attachment-full size-full wp-image-72\" alt=\"\" \/><\/figure><div class=\"elementor-image-box-content\"><h3 class=\"elementor-image-box-title\">Confianza<\/h3><p class=\"elementor-image-box-description\">Actuamos con integridad para generar percepciones y realidades positivas a nuestro alrededor.<\/p><\/div><\/div>\t\t<\/div>\n\t\t\t\t<\/div>\n\t\t\t\t<div class=\"elementor-element elementor-element-5e1d7e1 elementor-position-top elementor-widget elementor-widget-image-box\" data-id=\"5e1d7e1\" data-element_type=\"widget\" data-widget_type=\"image-box.default\">\n\t\t\t\t<div class=\"elementor-widget-container\">\n\t\t\t<div class=\"elementor-image-box-wrapper\"><figure class=\"elementor-image-box-img\"><img loading=\"lazy\" decoding=\"async\" width=\"150\" height=\"150\" src=\"https:\/\/magicprint.com.co\/bellatela\/wp-content\/uploads\/2024\/05\/ICONO-RESPETO-QUIENES-SOMOS-150-X150.png\" class=\"attachment-full size-full wp-image-71\" alt=\"\" \/><\/figure><div class=\"elementor-image-box-content\"><h3 class=\"elementor-image-box-title\">Respeto<\/h3><p class=\"elementor-image-box-description\">Brindamos un espacio en donde favorezca el di\u00e1logo y la participaci\u00f3n reconociendo el valor de nuestros clientes  y socios.<\/p><\/div><\/div>\t\t<\/div>\n\t\t\t\t<\/div>\n\t\t\t\t\t<\/div>\n\t\t\t\t<\/div>\n\t\t\t\t\t<\/div>\n\t\t\t\t<\/div>\n\t\t\t\t<\/div>\n\t\t<div class=\"elementor-element elementor-element-5f796be e-flex e-con-boxed e-con e-parent\" data-id=\"5f796be\" data-element_type=\"container\" data-settings=\"{&quot;content_width&quot;:&quot;boxed&quot;}\" data-core-v316-plus=\"true\">\n\t\t\t\t\t<div class=\"e-con-inner\">\n\t\t<div class=\"elementor-element elementor-element-e74526e e-con-full e-flex e-con e-child\" data-id=\"e74526e\" data-element_type=\"container\" data-settings=\"{&quot;content_width&quot;:&quot;full&quot;}\">\n\t\t\t\t<div class=\"elementor-element elementor-element-2d7deca elementor-widget elementor-widget-image\" data-id=\"2d7deca\" data-element_type=\"widget\" data-widget_type=\"image.default\">\n\t\t\t\t<div class=\"elementor-widget-container\">\n\t\t\t\t\t\t\t\t\t\t\t\t\t\t\t<img loading=\"lazy\" decoding=\"async\" width=\"500\" height=\"400\" src=\"https:\/\/magicprint.com.co\/bellatela\/wp-content\/uploads\/2024\/05\/FOTO3-QUIENES-SOMOS-500-X-400.png\" class=\"attachment-large size-large wp-image-70\" alt=\"\" srcset=\"https:\/\/magicprint.com.co\/bellatela\/wp-content\/uploads\/2024\/05\/FOTO3-QUIENES-SOMOS-500-X-400.png 500w, https:\/\/magicprint.com.co\/bellatela\/wp-content\/uploads\/2024\/05\/FOTO3-QUIENES-SOMOS-500-X-400-300x240.png 300w, https:\/\/magicprint.com.co\/bellatela\/wp-content\/uploads\/2024\/05\/FOTO3-QUIENES-SOMOS-500-X-400-450x360.png 450w\" sizes=\"(max-width: 500px) 100vw, 500px\" \/>\t\t\t\t\t\t\t\t\t\t\t\t\t\t\t<\/div>\n\t\t\t\t<\/div>\n\t\t\t\t<div class=\"elementor-element elementor-element-693df20 elementor-widget elementor-widget-heading\" data-id=\"693df20\" data-element_type=\"widget\" data-widget_type=\"heading.default\">\n\t\t\t\t<div class=\"elementor-widget-container\">\n\t\t\t<h2 class=\"elementor-heading-title elementor-size-default\">Misi\u00f3n<\/h2>\t\t<\/div>\n\t\t\t\t<\/div>\n\t\t\t\t<div class=\"elementor-element elementor-element-2f5ac65 elementor-widget elementor-widget-text-editor\" data-id=\"2f5ac65\" data-element_type=\"widget\" data-widget_type=\"text-editor.default\">\n\t\t\t\t<div class=\"elementor-widget-container\">\n\t\t\t\t\t\t\t<p>En Bellatela estamos comprometidos con satisfacer las necesidades textiles y afines de nuestros clientes, con un amplio portafolio de productos que garantizan calidad y precios excelentes. Adem\u00e1s de impulsar el crecimiento de la industria nacional satisfaciendo la demanda de forma competitiva y rentable.<\/p>\t\t\t\t\t\t<\/div>\n\t\t\t\t<\/div>\n\t\t\t\t<\/div>\n\t\t<div class=\"elementor-element elementor-element-b318b61 e-con-full e-flex e-con e-child\" data-id=\"b318b61\" data-element_type=\"container\" data-settings=\"{&quot;content_width&quot;:&quot;full&quot;}\">\n\t\t\t\t<div class=\"elementor-element elementor-element-5dda275 elementor-widget elementor-widget-image\" data-id=\"5dda275\" data-element_type=\"widget\" data-widget_type=\"image.default\">\n\t\t\t\t<div class=\"elementor-widget-container\">\n\t\t\t\t\t\t\t\t\t\t\t\t\t\t\t<img loading=\"lazy\" decoding=\"async\" width=\"500\" height=\"400\" src=\"https:\/\/magicprint.com.co\/bellatela\/wp-content\/uploads\/2024\/05\/FOTO4-QUIENES-SOMOS-500-X-400.png\" class=\"attachment-large size-large wp-image-69\" alt=\"\" srcset=\"https:\/\/magicprint.com.co\/bellatela\/wp-content\/uploads\/2024\/05\/FOTO4-QUIENES-SOMOS-500-X-400.png 500w, https:\/\/magicprint.com.co\/bellatela\/wp-content\/uploads\/2024\/05\/FOTO4-QUIENES-SOMOS-500-X-400-300x240.png 300w, https:\/\/magicprint.com.co\/bellatela\/wp-content\/uploads\/2024\/05\/FOTO4-QUIENES-SOMOS-500-X-400-450x360.png 450w\" sizes=\"(max-width: 500px) 100vw, 500px\" \/>\t\t\t\t\t\t\t\t\t\t\t\t\t\t\t<\/div>\n\t\t\t\t<\/div>\n\t\t\t\t<div class=\"elementor-element elementor-element-1471b8f elementor-widget elementor-widget-heading\" data-id=\"1471b8f\" data-element_type=\"widget\" data-widget_type=\"heading.default\">\n\t\t\t\t<div class=\"elementor-widget-container\">\n\t\t\t<h2 class=\"elementor-heading-title elementor-size-default\">Visi\u00f3n<\/h2>\t\t<\/div>\n\t\t\t\t<\/div>\n\t\t\t\t<div class=\"elementor-element elementor-element-789bdde elementor-widget elementor-widget-text-editor\" data-id=\"789bdde\" data-element_type=\"widget\" data-widget_type=\"text-editor.default\">\n\t\t\t\t<div class=\"elementor-widget-container\">\n\t\t\t\t\t\t\t<p>Para el 2030 nos proyectamos como una empresa l\u00edder en la producci\u00f3n y comercializaci\u00f3n de productos textiles y lencer\u00eda de hogar; con capacidad de respuesta ante mercados cambiantes en base a las nuevas maneras de compra, con el fin de captar nuevos clientes potenciales.<\/p>\t\t\t\t\t\t<\/div>\n\t\t\t\t<\/div>\n\t\t\t\t<\/div>\n\t\t\t\t\t<\/div>\n\t\t\t\t<\/div>\n\t\t<div class=\"elementor-element elementor-element-261324b e-flex e-con-boxed e-con e-parent\" data-id=\"261324b\" data-element_type=\"container\" data-settings=\"{&quot;content_width&quot;:&quot;boxed&quot;}\" data-core-v316-plus=\"true\">\n\t\t\t\t\t<div class=\"e-con-inner\">\n\t\t\t\t<div class=\"elementor-element elementor-element-89cbe45 elementor-widget elementor-widget-image\" data-id=\"89cbe45\" data-element_type=\"widget\" data-widget_type=\"image.default\">\n\t\t\t\t<div class=\"elementor-widget-container\">\n\t\t\t\t\t\t\t\t\t\t\t\t\t\t\t<img loading=\"lazy\" decoding=\"async\" width=\"150\" height=\"150\" src=\"https:\/\/magicprint.com.co\/bellatela\/wp-content\/uploads\/2024\/05\/ICONO-TESTIMONIOS-QUIENES-SOMOS-150-X150.png\" class=\"attachment-large size-large wp-image-68\" alt=\"\" \/>\t\t\t\t\t\t\t\t\t\t\t\t\t\t\t<\/div>\n\t\t\t\t<\/div>\n\t\t\t\t<div class=\"elementor-element elementor-element-ec8e662 elementor-widget elementor-widget-heading\" data-id=\"ec8e662\" data-element_type=\"widget\" data-widget_type=\"heading.default\">\n\t\t\t\t<div class=\"elementor-widget-container\">\n\t\t\t<h2 class=\"elementor-heading-title elementor-size-default\">\u00bfQu\u00e9 dicen de nosotros?<\/h2>\t\t<\/div>\n\t\t\t\t<\/div>\n\t\t\t\t<div class=\"elementor-element elementor-element-6bb6ab0 elementor-widget elementor-widget-text-editor\" data-id=\"6bb6ab0\" data-element_type=\"widget\" data-widget_type=\"text-editor.default\">\n\t\t\t\t<div class=\"elementor-widget-container\">\n\t\t\t\t\t\t\t<p>La fidelidad de nuestros clientes y socios hacia este negocio han permitido el posicionamiento que hoy en d\u00eda tenemos en el mercado. Por eso las opiniones de ellos son tan valiosas como los productos que vendemos.<\/p>\t\t\t\t\t\t<\/div>\n\t\t\t\t<\/div>\n\t\t\t\t\t<\/div>\n\t\t\t\t<\/div>\n\t\t\t\t\t\t\t<\/div>\n\t\t","protected":false},"excerpt":{"rendered":"<p>Bellatela: M\u00e1s de 30 a\u00f1os de tradici\u00f3n y moda Somos una compa\u00f1\u00eda l\u00edder en la industria de textiles para moda y vestuario en confecci\u00f3n femenina, masculina, infantil, dotaci\u00f3n industrial, cortiner\u00eda y una extensa l\u00ednea de lencer\u00eda para el hogar y telas para\u00a0 tapicer\u00eda. Los valores que influyen en nuestros resultados Honestidad Ofrecemos una conducta confiable [&hellip;]<\/p>\n","protected":false},"author":1,"featured_media":0,"parent":0,"menu_order":0,"comment_status":"closed","ping_status":"closed","template":"elementor_header_footer","meta":{"footnotes":""},"class_list":["post-269","page","type-page","status-publish","hentry"],"_links":{"self":[{"href":"https:\/\/magicprint.com.co\/bellatela\/wp-json\/wp\/v2\/pages\/269","targetHints":{"allow":["GET"]}}],"collection":[{"href":"https:\/\/magicprint.com.co\/bellatela\/wp-json\/wp\/v2\/pages"}],"about":[{"href":"https:\/\/magicprint.com.co\/bellatela\/wp-json\/wp\/v2\/types\/page"}],"author":[{"embeddable":true,"href":"https:\/\/magicprint.com.co\/bellatela\/wp-json\/wp\/v2\/users\/1"}],"replies":[{"embeddable":true,"href":"https:\/\/magicprint.com.co\/bellatela\/wp-json\/wp\/v2\/comments?post=269"}],"version-history":[{"count":19,"href":"https:\/\/magicprint.com.co\/bellatela\/wp-json\/wp\/v2\/pages\/269\/revisions"}],"predecessor-version":[{"id":290,"href":"https:\/\/magicprint.com.co\/bellatela\/wp-json\/wp\/v2\/pages\/269\/revisions\/290"}],"wp:attachment":[{"href":"https:\/\/magicprint.com.co\/bellatela\/wp-json\/wp\/v2\/media?parent=269"}],"curies":[{"name":"wp","href":"https:\/\/api.w.org\/{rel}","templated":true}]}}